{"id":170,"date":"2016-04-27T20:42:57","date_gmt":"2016-04-27T20:42:57","guid":{"rendered":"https:\/\/oceanwp.org\/underwear\/?page_id=170"},"modified":"2020-06-22T13:39:20","modified_gmt":"2020-06-22T11:39:20","slug":"home","status":"publish","type":"page","link":"https:\/\/www.dressbykatarinavargova.com\/","title":{"rendered":"Home"},"content":{"rendered":"\t\t<div data-elementor-type=\"wp-page\" data-elementor-id=\"170\" class=\"elementor elementor-170\" data-elementor-settings=\"[]\">\n\t\t\t\t\t\t<div class=\"elementor-inner\">\n\t\t\t\t\t\t\t<div class=\"elementor-section-wrap\">\n\t\t\t\t\t\t\t<section class=\"elementor-section elementor-top-section elementor-element elementor-element-a1u73cm elementor-section-height-min-height elementor-section-stretched elementor-section-full_width elementor-section-items-stretch elementor-section-height-default\" data-id=\"a1u73cm\" data-element_type=\"section\" data-settings=\"{&quot;background_background&quot;:&quot;classic&quot;,&quot;stretch_section&quot;:&quot;section-stretched&quot;}\">\n\t\t\t\t\t\t<div class=\"elementor-container elementor-column-gap-default\">\n\t\t\t\t\t\t\t<div class=\"elementor-row\">\n\t\t\t\t\t<div class=\"elementor-column elementor-col-100 elementor-top-column elementor-element elementor-element-9nujfa9\" data-id=\"9nujfa9\" data-element_type=\"column\">\n\t\t\t<div class=\"elementor-column-wrap elementor-element-populated\">\n\t\t\t\t\t\t\t<div class=\"elementor-widget-wrap\">\n\t\t\t\t\t\t<div class=\"elementor-element elementor-element-0jnvdlk elementor-widget-divider--view-line elementor-widget elementor-widget-divider\" data-id=\"0jnvdlk\" data-element_type=\"widget\" data-widget_type=\"divider.default\">\n\t\t\t\t<div class=\"elementor-widget-container\">\n\t\t\t\t\t<div class=\"elementor-divider\">\n\t\t\t<span class=\"elementor-divider-separator\">\n\t\t\t\t\t\t<\/span>\n\t\t<\/div>\n\t\t\t\t<\/div>\n\t\t\t\t<\/div>\n\t\t\t\t<div class=\"elementor-element elementor-element-pk7jxzj animated-slow elementor-invisible elementor-widget elementor-widget-heading\" data-id=\"pk7jxzj\" data-element_type=\"widget\" data-settings=\"{&quot;_animation&quot;:&quot;fadeIn&quot;,&quot;_animation_delay&quot;:400}\" data-widget_type=\"heading.default\">\n\t\t\t\t<div class=\"elementor-widget-container\">\n\t\t\t<h1 class=\"elementor-heading-title elementor-size-default\">Svadobn\u00e9 \u0160aty na mieru<\/h1>\t\t<\/div>\n\t\t\t\t<\/div>\n\t\t\t\t<div class=\"elementor-element elementor-element-3hj6yey elementor-widget-divider--view-line elementor-widget elementor-widget-divider\" data-id=\"3hj6yey\" data-element_type=\"widget\" data-widget_type=\"divider.default\">\n\t\t\t\t<div class=\"elementor-widget-container\">\n\t\t\t\t\t<div class=\"elementor-divider\">\n\t\t\t<span class=\"elementor-divider-separator\">\n\t\t\t\t\t\t<\/span>\n\t\t<\/div>\n\t\t\t\t<\/div>\n\t\t\t\t<\/div>\n\t\t\t\t<div class=\"elementor-element elementor-element-lxek3qp elementor-widget elementor-widget-text-editor\" data-id=\"lxek3qp\" data-element_type=\"widget\" data-widget_type=\"text-editor.default\">\n\t\t\t\t<div class=\"elementor-widget-container\">\n\t\t\t\t\t<div class=\"elementor-text-editor elementor-clearfix\"><p><strong>____________________________________________________________________________________________________________________________________________________________________________________________________________________________________________________________<\/strong><\/p><\/div>\n\t\t\t\t<\/div>\n\t\t\t\t<\/div>\n\t\t\t\t<div class=\"elementor-element elementor-element-qgagmy4 elementor-align-center elementor-button-success elementor-widget elementor-widget-button\" data-id=\"qgagmy4\" data-element_type=\"widget\" data-widget_type=\"button.default\">\n\t\t\t\t<div class=\"elementor-widget-container\">\n\t\t\t\t\t<div class=\"elementor-button-wrapper\">\n\t\t\t<a href=\"https:\/\/www.dressbykatarinavargova.com\/index.php\/tvorba-siat\/\" class=\"elementor-button-link elementor-button elementor-size-md\" role=\"button\">\n\t\t\t\t\t\t<span class=\"elementor-button-content-wrapper\">\n\t\t\t\t\t\t<span class=\"elementor-button-text\">Origin\u00e1lne \u0161aty<\/span>\n\t\t<\/span>\n\t\t\t\t\t<\/a>\n\t\t<\/div>\n\t\t\t\t<\/div>\n\t\t\t\t<\/div>\n\t\t\t\t\t\t<\/div>\n\t\t\t\t\t<\/div>\n\t\t<\/div>\n\t\t\t\t\t\t\t\t<\/div>\n\t\t\t\t\t<\/div>\n\t\t<\/section>\n\t\t\t\t<section class=\"elementor-section elementor-top-section elementor-element elementor-element-ka64q9t elementor-section-stretched elementor-section-height-min-height elementor-section-content-space-evenly elementor-section-full_width elementor-section-items-top elementor-section-height-default\" data-id=\"ka64q9t\" data-element_type=\"section\" data-settings=\"{&quot;stretch_section&quot;:&quot;section-stretched&quot;}\">\n\t\t\t\t\t\t<div class=\"elementor-container elementor-column-gap-default\">\n\t\t\t\t\t\t\t<div class=\"elementor-row\">\n\t\t\t\t\t<div class=\"elementor-column elementor-col-100 elementor-top-column elementor-element elementor-element-ztoolhb elementor-invisible\" data-id=\"ztoolhb\" data-element_type=\"column\" data-settings=\"{&quot;background_background&quot;:&quot;classic&quot;,&quot;animation&quot;:&quot;fadeInLeft&quot;}\">\n\t\t\t<div class=\"elementor-column-wrap elementor-element-populated\">\n\t\t\t\t\t\t\t<div class=\"elementor-widget-wrap\">\n\t\t\t\t\t\t<div class=\"elementor-element elementor-element-0e814f4 elementor-widget elementor-widget-image\" data-id=\"0e814f4\" data-element_type=\"widget\" data-widget_type=\"image.default\">\n\t\t\t\t<div class=\"elementor-widget-container\">\n\t\t\t\t\t<div class=\"elementor-image\">\n\t\t\t\t\t\t\t\t\t\t\t<a href=\"https:\/\/www.dressbykatarinavargova.com\/index.php\/tvorba-siat\/\">\n\t\t\t\t\t\t\t<img width=\"1024\" height=\"683\" src=\"https:\/\/www.dressbykatarinavargova.com\/wp-content\/uploads\/2020\/01\/IMG_1501-2-1024x683.jpg\" class=\"attachment-large size-large\" alt=\"\" loading=\"lazy\" srcset=\"https:\/\/www.dressbykatarinavargova.com\/wp-content\/uploads\/2020\/01\/IMG_1501-2-1024x683.jpg 1024w, https:\/\/www.dressbykatarinavargova.com\/wp-content\/uploads\/2020\/01\/IMG_1501-2-300x200.jpg 300w, https:\/\/www.dressbykatarinavargova.com\/wp-content\/uploads\/2020\/01\/IMG_1501-2-768x512.jpg 768w, https:\/\/www.dressbykatarinavargova.com\/wp-content\/uploads\/2020\/01\/IMG_1501-2-1536x1024.jpg 1536w, https:\/\/www.dressbykatarinavargova.com\/wp-content\/uploads\/2020\/01\/IMG_1501-2-2048x1365.jpg 2048w\" sizes=\"(max-width: 1024px) 100vw, 1024px\" \/>\t\t\t\t\t\t\t\t<\/a>\n\t\t\t\t\t\t\t\t\t\t\t<\/div>\n\t\t\t\t<\/div>\n\t\t\t\t<\/div>\n\t\t\t\t<div class=\"elementor-element elementor-element-c9788da elementor-widget elementor-widget-image\" data-id=\"c9788da\" data-element_type=\"widget\" data-widget_type=\"image.default\">\n\t\t\t\t<div class=\"elementor-widget-container\">\n\t\t\t\t\t<div class=\"elementor-image\">\n\t\t\t\t\t\t\t\t\t\t\t<a href=\"https:\/\/www.dressbykatarinavargova.com\/index.php\/galeria\/\">\n\t\t\t\t\t\t\t<img width=\"1024\" height=\"683\" src=\"https:\/\/www.dressbykatarinavargova.com\/wp-content\/uploads\/2020\/01\/IMG_3330-1-1024x683.jpg\" class=\"attachment-large size-large\" alt=\"\" loading=\"lazy\" srcset=\"https:\/\/www.dressbykatarinavargova.com\/wp-content\/uploads\/2020\/01\/IMG_3330-1-1024x683.jpg 1024w, https:\/\/www.dressbykatarinavargova.com\/wp-content\/uploads\/2020\/01\/IMG_3330-1-300x200.jpg 300w, https:\/\/www.dressbykatarinavargova.com\/wp-content\/uploads\/2020\/01\/IMG_3330-1-768x512.jpg 768w, https:\/\/www.dressbykatarinavargova.com\/wp-content\/uploads\/2020\/01\/IMG_3330-1-1536x1025.jpg 1536w, https:\/\/www.dressbykatarinavargova.com\/wp-content\/uploads\/2020\/01\/IMG_3330-1.jpg 1997w\" sizes=\"(max-width: 1024px) 100vw, 1024px\" \/>\t\t\t\t\t\t\t\t<\/a>\n\t\t\t\t\t\t\t\t\t\t\t<\/div>\n\t\t\t\t<\/div>\n\t\t\t\t<\/div>\n\t\t\t\t<div class=\"elementor-element elementor-element-3882239 elementor-widget elementor-widget-image\" data-id=\"3882239\" data-element_type=\"widget\" data-widget_type=\"image.default\">\n\t\t\t\t<div class=\"elementor-widget-container\">\n\t\t\t\t\t<div class=\"elementor-image\">\n\t\t\t\t\t\t\t\t\t\t\t<a href=\"https:\/\/www.dressbykatarinavargova.com\/index.php\/contact-us\/\">\n\t\t\t\t\t\t\t<img width=\"1024\" height=\"683\" src=\"https:\/\/www.dressbykatarinavargova.com\/wp-content\/uploads\/2020\/01\/IMG_1530-1-1024x683.jpg\" class=\"attachment-large size-large\" alt=\"\" loading=\"lazy\" srcset=\"https:\/\/www.dressbykatarinavargova.com\/wp-content\/uploads\/2020\/01\/IMG_1530-1-1024x683.jpg 1024w, https:\/\/www.dressbykatarinavargova.com\/wp-content\/uploads\/2020\/01\/IMG_1530-1-300x200.jpg 300w, https:\/\/www.dressbykatarinavargova.com\/wp-content\/uploads\/2020\/01\/IMG_1530-1-768x512.jpg 768w, https:\/\/www.dressbykatarinavargova.com\/wp-content\/uploads\/2020\/01\/IMG_1530-1-1536x1025.jpg 1536w, https:\/\/www.dressbykatarinavargova.com\/wp-content\/uploads\/2020\/01\/IMG_1530-1.jpg 1997w\" sizes=\"(max-width: 1024px) 100vw, 1024px\" \/>\t\t\t\t\t\t\t\t<\/a>\n\t\t\t\t\t\t\t\t\t\t\t<\/div>\n\t\t\t\t<\/div>\n\t\t\t\t<\/div>\n\t\t\t\t<div class=\"elementor-element elementor-element-7c0caa6 elementor-widget elementor-widget-image\" data-id=\"7c0caa6\" data-element_type=\"widget\" data-widget_type=\"image.default\">\n\t\t\t\t<div class=\"elementor-widget-container\">\n\t\t\t\t\t<div class=\"elementor-image\">\n\t\t\t\t\t\t\t\t\t\t<img width=\"768\" height=\"960\" src=\"https:\/\/www.dressbykatarinavargova.com\/wp-content\/uploads\/2020\/01\/IMG-20200111-WA0002-768x960.jpg\" class=\"attachment-medium_large size-medium_large\" alt=\"\" loading=\"lazy\" srcset=\"https:\/\/www.dressbykatarinavargova.com\/wp-content\/uploads\/2020\/01\/IMG-20200111-WA0002-768x960.jpg 768w, https:\/\/www.dressbykatarinavargova.com\/wp-content\/uploads\/2020\/01\/IMG-20200111-WA0002-240x300.jpg 240w, https:\/\/www.dressbykatarinavargova.com\/wp-content\/uploads\/2020\/01\/IMG-20200111-WA0002-819x1024.jpg 819w, https:\/\/www.dressbykatarinavargova.com\/wp-content\/uploads\/2020\/01\/IMG-20200111-WA0002-1229x1536.jpg 1229w, https:\/\/www.dressbykatarinavargova.com\/wp-content\/uploads\/2020\/01\/IMG-20200111-WA0002.jpg 1280w\" sizes=\"(max-width: 768px) 100vw, 768px\" \/>\t\t\t\t\t\t\t\t\t\t\t<\/div>\n\t\t\t\t<\/div>\n\t\t\t\t<\/div>\n\t\t\t\t\t\t<\/div>\n\t\t\t\t\t<\/div>\n\t\t<\/div>\n\t\t\t\t\t\t\t\t<\/div>\n\t\t\t\t\t<\/div>\n\t\t<\/section>\n\t\t\t\t\t\t<\/div>\n\t\t\t\t\t\t<\/div>\n\t\t\t\t\t<\/div>\n\t\t","protected":false},"excerpt":{"rendered":"<p>Svadobn\u00e9 \u0160aty na mieru ____________________________________________________________________________________________________________________________________________________________________________________________________________________________________________________________ Origin\u00e1lne \u0161aty<\/p>\n","protected":false},"author":2,"featured_media":0,"parent":0,"menu_order":0,"comment_status":"closed","ping_status":"closed","template":"","meta":[],"yoast_head":"<!-- This site is optimized with the Yoast SEO plugin v16.0.2 - https:\/\/yoast.com\/wordpress\/plugins\/seo\/ -->\n<title>Home - Dress by Katarina Vargova<\/title>\n<meta name=\"description\" content=\"Ru\u010dne \u0161ite svadobn\u00e9 \u0161aty na mieru pre ka\u017ed\u00fa nevestu. Ko\u017een\u00e9 bundy ru\u010dne ma\u013eovan\u00e9 pre dru\u017ei\u010dku na svadbu.\" \/>\n<link rel=\"canonical\" href=\"https:\/\/www.dressbykatarinavargova.com\/\" \/>\n<meta property=\"og:locale\" content=\"sk_SK\" \/>\n<meta property=\"og:type\" content=\"article\" \/>\n<meta property=\"og:title\" content=\"Home - Dress by Katarina Vargova\" \/>\n<meta property=\"og:description\" content=\"Ru\u010dne \u0161ite svadobn\u00e9 \u0161aty na mieru pre ka\u017ed\u00fa nevestu. Ko\u017een\u00e9 bundy ru\u010dne ma\u013eovan\u00e9 pre dru\u017ei\u010dku na svadbu.\" \/>\n<meta property=\"og:url\" content=\"https:\/\/www.dressbykatarinavargova.com\/\" \/>\n<meta property=\"og:site_name\" content=\"Dress by Katarina Vargova\" \/>\n<meta property=\"article:publisher\" content=\"https:\/\/www.facebook.com\/dressbykatarinavargova\" \/>\n<meta property=\"article:modified_time\" content=\"2020-06-22T11:39:20+00:00\" \/>\n<meta property=\"og:image\" content=\"https:\/\/www.dressbykatarinavargova.com\/wp-content\/uploads\/2020\/01\/IMG_1501-2-1024x683.jpg\" \/>\n<meta name=\"twitter:card\" content=\"summary_large_image\" \/>\n<script type=\"application\/ld+json\" class=\"yoast-schema-graph\">{\"@context\":\"https:\/\/schema.org\",\"@graph\":[{\"@type\":\"Organization\",\"@id\":\"https:\/\/www.dressbykatarinavargova.com\/#organization\",\"name\":\"Dress by Katarina Vargova\",\"url\":\"https:\/\/www.dressbykatarinavargova.com\/\",\"sameAs\":[\"https:\/\/www.facebook.com\/dressbykatarinavargova\",\"https:\/\/www.instagram.com\/katarina_vargova\/?hl=sk\"],\"logo\":{\"@type\":\"ImageObject\",\"@id\":\"https:\/\/www.dressbykatarinavargova.com\/#logo\",\"inLanguage\":\"sk-SK\",\"url\":\"https:\/\/www.dressbykatarinavargova.com\/wp-content\/uploads\/2020\/01\/Photo_1578672893479.jpg\",\"width\":2560,\"height\":1707,\"caption\":\"Dress by Katarina Vargova\"},\"image\":{\"@id\":\"https:\/\/www.dressbykatarinavargova.com\/#logo\"}},{\"@type\":\"WebSite\",\"@id\":\"https:\/\/www.dressbykatarinavargova.com\/#website\",\"url\":\"https:\/\/www.dressbykatarinavargova.com\/\",\"name\":\"Dress by Katarina Vargova\",\"description\":\"\\u0160aty na mieru\",\"publisher\":{\"@id\":\"https:\/\/www.dressbykatarinavargova.com\/#organization\"},\"potentialAction\":[{\"@type\":\"SearchAction\",\"target\":\"https:\/\/www.dressbykatarinavargova.com\/?s={search_term_string}\",\"query-input\":\"required name=search_term_string\"}],\"inLanguage\":\"sk-SK\"},{\"@type\":\"ImageObject\",\"@id\":\"https:\/\/www.dressbykatarinavargova.com\/#primaryimage\",\"inLanguage\":\"sk-SK\",\"url\":\"https:\/\/www.dressbykatarinavargova.com\/wp-content\/uploads\/2020\/01\/IMG_1501-2.jpg\",\"width\":2184,\"height\":1456},{\"@type\":\"WebPage\",\"@id\":\"https:\/\/www.dressbykatarinavargova.com\/#webpage\",\"url\":\"https:\/\/www.dressbykatarinavargova.com\/\",\"name\":\"Home - Dress by Katarina Vargova\",\"isPartOf\":{\"@id\":\"https:\/\/www.dressbykatarinavargova.com\/#website\"},\"primaryImageOfPage\":{\"@id\":\"https:\/\/www.dressbykatarinavargova.com\/#primaryimage\"},\"datePublished\":\"2016-04-27T20:42:57+00:00\",\"dateModified\":\"2020-06-22T11:39:20+00:00\",\"description\":\"Ru\\u010dne \\u0161ite svadobn\\u00e9 \\u0161aty na mieru pre ka\\u017ed\\u00fa nevestu. Ko\\u017een\\u00e9 bundy ru\\u010dne ma\\u013eovan\\u00e9 pre dru\\u017ei\\u010dku na svadbu.\",\"breadcrumb\":{\"@id\":\"https:\/\/www.dressbykatarinavargova.com\/#breadcrumb\"},\"inLanguage\":\"sk-SK\",\"potentialAction\":[{\"@type\":\"ReadAction\",\"target\":[\"https:\/\/www.dressbykatarinavargova.com\/\"]}]},{\"@type\":\"BreadcrumbList\",\"@id\":\"https:\/\/www.dressbykatarinavargova.com\/#breadcrumb\",\"itemListElement\":[{\"@type\":\"ListItem\",\"position\":1,\"item\":{\"@type\":\"WebPage\",\"@id\":\"https:\/\/www.dressbykatarinavargova.com\/\",\"url\":\"https:\/\/www.dressbykatarinavargova.com\/\",\"name\":\"Home\"}},{\"@type\":\"ListItem\",\"position\":2,\"item\":{\"@type\":\"WebPage\",\"@id\":\"https:\/\/www.dressbykatarinavargova.com\/\",\"url\":\"https:\/\/www.dressbykatarinavargova.com\/\",\"name\":\"Home\"}}]}]}<\/script>\n<!-- \/ Yoast SEO plugin. -->","_links":{"self":[{"href":"https:\/\/www.dressbykatarinavargova.com\/index.php\/wp-json\/wp\/v2\/pages\/170"}],"collection":[{"href":"https:\/\/www.dressbykatarinavargova.com\/index.php\/wp-json\/wp\/v2\/pages"}],"about":[{"href":"https:\/\/www.dressbykatarinavargova.com\/index.php\/wp-json\/wp\/v2\/types\/page"}],"author":[{"embeddable":true,"href":"https:\/\/www.dressbykatarinavargova.com\/index.php\/wp-json\/wp\/v2\/users\/2"}],"replies":[{"embeddable":true,"href":"https:\/\/www.dressbykatarinavargova.com\/index.php\/wp-json\/wp\/v2\/comments?post=170"}],"version-history":[{"count":57,"href":"https:\/\/www.dressbykatarinavargova.com\/index.php\/wp-json\/wp\/v2\/pages\/170\/revisions"}],"predecessor-version":[{"id":1081,"href":"https:\/\/www.dressbykatarinavargova.com\/index.php\/wp-json\/wp\/v2\/pages\/170\/revisions\/1081"}],"wp:attachment":[{"href":"https:\/\/www.dressbykatarinavargova.com\/index.php\/wp-json\/wp\/v2\/media?parent=170"}],"curies":[{"name":"wp","href":"https:\/\/api.w.org\/{rel}","templated":true}]}}